{"id":31,"date":"2020-05-25T19:09:34","date_gmt":"2020-05-25T17:09:34","guid":{"rendered":"http:\/\/www.lebensberatung-herzquotient.com\/?page_id=31"},"modified":"2020-08-28T14:20:59","modified_gmt":"2020-08-28T12:20:59","slug":"ueber-mich","status":"publish","type":"page","link":"https:\/\/www.lebensberatung-herzquotient.com\/it\/ueber-mich\/","title":{"rendered":"Su di me"},"content":{"rendered":"\n<h3 id=\"wp-block-themeisle-blocks-advanced-heading-2582cfc7\" class=\"wp-block-themeisle-blocks-advanced-heading wp-block-themeisle-blocks-advanced-heading-2582cfc7\"><strong>Come faccio ci\u00f2 che faccio<\/strong><\/h3>\n\n\n\n<div class=\"wp-block-image\"><figure class=\"alignright size-large is-resized\"><img decoding=\"async\" loading=\"lazy\" src=\"http:\/\/www.lebensberatung-herzquotient.com\/wp-content\/uploads\/2020\/06\/ursula_amtmann.jpg\" alt=\"diplomierte Lebensberatung\" class=\"wp-image-317\" width=\"257\" height=\"347\" srcset=\"https:\/\/www.lebensberatung-herzquotient.com\/wp-content\/uploads\/2020\/06\/ursula_amtmann.jpg 514w, https:\/\/www.lebensberatung-herzquotient.com\/wp-content\/uploads\/2020\/06\/ursula_amtmann-223x300.jpg 223w\" sizes=\"(max-width: 257px) 100vw, 257px\" \/><figcaption><em>Ursula Amtmann<\/em><\/figcaption><\/figure><\/div>\n\n\n\n<h4 id=\"wp-block-themeisle-blocks-advanced-heading-8f57c5ab\" class=\"wp-block-themeisle-blocks-advanced-heading wp-block-themeisle-blocks-advanced-heading-8f57c5ab ticss-435c1f8f\"><strong><strong>Counseling olistico<\/strong><\/strong><\/h4>\n\n\n\n<p>Il termine \u201c<a href=\"https:\/\/it.wikipedia.org\/wiki\/Olismo\" target=\"_blank\" rel=\"noreferrer noopener\">olistico<\/a>\u201d risale al greco e significa \u201coccuparsi del corpo, dell\u2019anima e della mente contemporaneamente\u201d. Il cliente viene accompagnato sia psicologicamente che attraverso diverse tecniche corporee al benessere e allo sviluppo del proprio potenziale.<\/p>\n\n\n\n<p>A differenza della psicoterapia, io (da <strong>counselor olistico diplomata<\/strong> presso l\u2019Istituto PNEI al Villaggio Globale a Bagni di Lucca) mi concentro sulla parte \u201csana\u201d del cliente. In questo modo viene stimolato lo sviluppo personale e viene attivato un processo del perfezionamento della auto-percezione.<\/p>\n\n\n\n<p>La \u201c<strong>Mindfulness psicosomatica<\/strong>\u201d forma la base elementare del mio lavoro e trova le sue radici nella teoria buddista e meditazione. Grazie a <a href=\"https:\/\/it.wikipedia.org\/wiki\/Jon_Kabat-Zinn\" target=\"_blank\" rel=\"noreferrer noopener\">Jon Kabat-Zinn<\/a>, il <strong>fondatore del mindfullness<\/strong>, questa forma di meditazione trov\u00f2 la riscossione nella psicologia nell\u2019anno 1979. Gli esercizi vengono considerati indipendenti dalla religione e vengono utilizzati in modo secolare.<\/p>\n\n\n\n<blockquote class=\"wp-block-quote\"><p><em>\u201eNel cuore si trova l\u2019uomo, non nella testa\u201c<\/em><\/p><cite>Arthur Schopenhauer<\/cite><\/blockquote>\n\n\n\n<hr class=\"wp-block-separator\"\/>\n\n\n\n<h4 id=\"wp-block-themeisle-blocks-advanced-heading-664d316d\" class=\"wp-block-themeisle-blocks-advanced-heading wp-block-themeisle-blocks-advanced-heading-664d316d\"><strong>Mindfulness<\/strong><\/h4>\n\n\n\n<p>Basandosi su questo e considerando <strong>le ultime ricerche<\/strong> nel campo dell&#8217;immunologia psico-neuro-endocrina, il medico e psicoterapeuta italiano <a href=\"https:\/\/www.villaggioglobale.eu\/index.php?id=gru_scheda&#038;ter=11\" target=\"_blank\" rel=\"noreferrer noopener\">Dr. Nitamo Federico Montecucco<\/a> (dove ho svolto il mio apprendistato) ha quindi sviluppato <strong>la formazione della mindfulness psicosomatica<\/strong>. Questa si basa sulla consapevolezza che i <strong>fattori emotivi<\/strong> e i <strong>sintomi fisici<\/strong> sono intrinsecamente connessi (di propria iniziativa). Quindi il nostro corpo soffre di stress, rabbia, dolore, paure ecc., e reagisce con dolori e tensioni, che a loro volta hanno un impatto negativo sulle nostre <strong>emozioni<\/strong>, sul nostro <strong>sistema immunitario<\/strong> e sul nostro <strong>equilibrio ormonale<\/strong>. Come pu\u00f2 vedere, un ciclo da cui bisogna uscirne!<\/p>\n\n\n\n<p>Ed \u00e8 qui che entro in gioco io, come <strong>counselor olistico<\/strong> (riconosciuto ufficialmente in Austria come dipl. Lebensberaterin).<\/p>\n\n\n\n<p>Dopo il primo appuntamento, durante il quale attraverso domande specifiche ti ascolto in modo empatico, ascolto con le orecchie e con gli occhi, sia quello che dici con le parole sia quello che dice il non verbale (gesti, postura, ecc.) discuteremo insieme i tuoi obiettivi ed il tempo in cui vorrai raggiungerli. Come <strong>counselor olistico qualificato<\/strong>, lavoro, come ho detto, a livello fisico, psicologico e mentale. Oltre a tecniche come il grounding, la bioenergetica, l&#8217;allenamento della <strong>consapevolezza psicosomatica<\/strong>, utilizzo anche vari <strong>esercizi di respirazione<\/strong> e tecniche per liberare ed equilibrare i blocchi psicosomatici. Inoltre, i miei metodi includono: massaggi psicosomatici, pratiche per una maggiore consapevolezza del corpo e il riconoscimento delle proprie emozioni. Attraverso la mia esperienza <strong>elaboriamo insieme il tuo percorso personale<\/strong>.<\/p>\n\n\n\n<blockquote class=\"wp-block-quote\"><p><em>\u201e<strong><em>Si vede bene solo con il cuore, l\u2019essenziale \u00e8 invisibile agli occhi.<\/em><\/strong>\u201c<\/em><\/p><cite>Antoine de Saint-Exup\u00e9ry<\/cite><\/blockquote>\n\n\n\n<hr class=\"wp-block-separator\"\/>\n\n\n\n<h3 id=\"wp-block-themeisle-blocks-advanced-heading-e8da34f0\" class=\"wp-block-themeisle-blocks-advanced-heading wp-block-themeisle-blocks-advanced-heading-e8da34f0\"><strong>Curiculum Vitae<\/strong><\/h3>\n\n\n\n<p>Sono nata a Vienna nel 1962 e fin dalla mia pi\u00f9 tenera et\u00e0 ho sofferto di dermatite atopica, una malattia della pelle, all\u2019epoca ancora poco conosciuta. Cos\u00ec nel corso degli anni mi sono sottoposta a delle sperimentazioni mediche e a diverse terapie che hanno messo il mio corpo a dura prova.<\/p>\n\n\n\n<p>Durante una lunga degenza in ospedale quando avevo 17 anni \u00e8 capitato fra le mie mani il libro \u201cSentieri bui dell\u2019anima\u201d che racconta la vita di Sigmund Freud. Quel libro ha segnato profondamento l\u2019inizio di una ricerca senza fine della mia felicit\u00e0 perduta. Da allora per molti anni ho deciso di seguire diversi gruppi di autocoscienza, ho fatto varie sedute di psicoterapia sia individualmente che in gruppo, cos\u00ec come ho sentito il bisogno di entrare in contatto con guaritori, sciamani e veggenti. Negli anni ho divorato letteralmente tutto ci\u00f2 che mi \u00e8 caduto nelle mani che aveva a che fare con Psicologia, Filosofia e l\u2019Energia. Un altro libro che mi ha colpito molto \u00e8 stato \u201cUn nuovo mondo\u201d di Eckhart Tolle. La lettura di questo libro ha creato un grande cambiamento interiore dentro di me.<\/p>\n\n\n\n<p>Un anno prima di diplomarmi al liceo, ho deciso di andare in Italia per lavorare come ragazza alla pari e per fare alcune esperienze di vita che non sarebbero state possibili a scuola. Dopo il mio ritorno ho lavorato nel turismo per diversi anni. Tuttavia, come vuole la vita, \u00e8 stata una coincidenza che sono tornata a Roma durante uno dei miei viaggi di lavoro e ho incontrato di nuovo un vecchio amico. Questo \u00e8 diventato quindi il motivo del mio trasferimento a Roma, dove ho vissuto molte esperienze importanti in 23 lunghi anni. Durante questi anni, e dopo la tanto attesa nascita di mia figlia, il desiderio di fare del mio hobby la mia nuova professione \u00e8 cresciuto sempre di pi\u00f9 dentro di me. Ho raggiunto la maturit\u00e0 a scuola serale e l&#8217;ho completata con 90 punti su 100, di cui sono molto orgogliosa. Poi ho iniziato la formazione come counseling olistico, anche questo in italiano. Questa esperienza \u00e8 stata totalmente trasformativa per me.<\/p>\n\n\n\n<p>Durante il periodo della mia formazione al <a href=\"https:\/\/www.neuropsicosomatica.com\/pnei\/\">https:\/\/www.neuropsicosomatica.com\/pnei\/<\/a> al Villaggio Globale, una mia cara amica si \u00e8 ammalata gravemente e ho avuto il desiderio e l\u2019onore di accompagnarla durante la malattia fino ai suoi ultimi giorni. Questa \u00e8 stata un\u2019esperienza molto intensa per me, seppure colma di sofferenza, perch\u00e9 mi ha ispirato l\u2019elaborazione della mia tesina finale: \u201cLa morte capolinea o nuovo inizio\u201d. Un argomento molto delicato, che, secondo me, dovrebbe interessare tutti. Alcuni ci pensano, altri reprimono i pensieri emergenti. Affrontarlo mi ha aiutato molto, perch\u00e9 penso che praticamente <strong>ogni <\/strong>paura sia basata su questa unica paura della morte e affrontarla pu\u00f2 essere molto liberatorio.<\/p>\n\n\n\n<p>Dopo essermi diplomata in Counseling Olistico ho frequentato sia dei corsi intensivi che mi hanno abilitata a condurre degli incontri di Mindfulness psicosomatica e di Bioenergetica nelle Scuole e nei diversi gruppi sociali nell\u2019ambito del \u201cProgetto Gaia\u201d, (finanziato dal Ministero del Lavoro e sostenuto dall\u2019Unesco, per accrescere la consapevolezza verso di s\u00e9, verso gli altri e verso la natura), che anche un \u201cMaster di alta formazione in massaggio biodinamico\u201d presso la \u201cEurop\u00e4ische Schule f\u00fcr biodynamische Psychologie\u201d che mette in risalto ancora di pi\u00f9 la profonda connessione corpo \u2013 anima \u2013 mente. Bene, come spesso accade quando uno dei due coniugi prende una certa direzione e l&#8217;altro no, i percorsi spesso si separano. \u00c8 stato lo stesso con me e mio marito. Tuttavia, non mi pento di un solo minuto di questi 23 lunghi anni. Erano il punto di partenza della mia attuale vita a Vienna e del mio lavoro come \u201c<strong>diplomierte Lebens- und Sozialberatin<\/strong>\u201d. Inoltre, attraverso la mia formazione, il mio percorso di autocoscienza e durante la mia vita in Italia, ho imparato a capire meglio le persone di altre nazionalit\u00e0 e mentalit\u00e0 e a guardare gli alti e bassi della vita da diversi punti di vista. Tutto ci\u00f2 mi avvantaggia nel mio lavoro di adesso e ne sono molto grata.<\/p>\n\n\n\n<figure class=\"wp-block-table\"><table><tbody><tr><td><\/td><td><\/td><\/tr><tr><td>Seit 2015<\/td><td>lavoro indipendentemente come <a href=\"https:\/\/www.lebensberatung-herzquotient.com\/#kontaktieren-sie-mich\">counselor olistico <\/a>(riconosciuto in Austria dalla camera di commercio per Lebens- und Sozialberater), insegnante di mindfulness e mediatore<\/td><\/tr><tr><td>Seit 2014<\/td><td>Attuazione del \u201cProgetto Gaia\u201d in diverse scuole sia a Roma che a Vienna<\/td><\/tr><tr><td>2014\/2015<\/td><td>Formazione in psicologia biodinamica\u00ae secondo Gerda Boyesen<\/td><\/tr><tr><td>2012\/2014<\/td><td>Tirocinio come assistente presso il centro di formazione \u201c<a href=\"https:\/\/www.neuropsicosomatica.com\/pnei\/\" target=\"_blank\" rel=\"noreferrer noopener\">L\u2019istituto Psicosomatica PNEI<\/a>\u201d<\/td><\/tr><tr><td>2013\/2015<\/td><td>Formazione supplementare del \u201cProgetto Gaia\u201d il quale \u00e8 stato finanziato dallo stato italiano, viene utilizzato per l\u2019implementazione nelle scuole e nelle istituzioni pubbliche<\/td><\/tr><tr><td>2012\/2015<\/td><td>Formazione di 3 anni seguita da un diploma ufficiale per counselor olistico certificato (dipl. Lebens- und Sozialberaterin) con focus sulla crescita personale (\u201cL\u2019istituto Psicosomatica PNEI\u201d presso il Villaggio Globale di Bagni di Lucca, sotto la direzione del Dr. Nitamo Federico Montecucco)<\/td><\/tr><tr><td>2006\/2008<\/td><td>Formazione per \u201ccounselor della comunicazione\u201d presso la \u201cscuola di counseling della comunicazione ad indirizzo psicodinamico\u201d di Roma<\/td><\/tr><\/tbody><\/table><\/figure>\n\n\n\n<hr class=\"wp-block-separator\"\/>\n\n\n\n<blockquote class=\"wp-block-quote\"><p><em>\u201eCi coltivano per l\u2019intelligenza, ma non per l\u2019umanit\u00e0\u201c<\/em><\/p><cite>Konstantin Wecker (cantautore tedescho)<\/cite><\/blockquote>\n\n\n\n<hr class=\"wp-block-separator\"\/>\n","protected":false},"excerpt":{"rendered":"<p>Il termine \u201colistico\u201d risale al greco e significa \u201coccuparsi del corpo, dell\u2019anima e della mente contemporaneamente\u201d. Il cliente viene accompagnato sia psicologicamente che attraverso diverse tecniche corporee al benessere e&#8230;<\/p>\n","protected":false},"author":1,"featured_media":0,"parent":0,"menu_order":0,"comment_status":"closed","ping_status":"closed","template":"","meta":{"_themeisle_gutenberg_block_has_review":false},"yoast_head":"<!-- This site is optimized with the Yoast SEO plugin v20.9 - https:\/\/yoast.com\/wordpress\/plugins\/seo\/ -->\n<title>Su di me - Lebensberatung Herzquotient<\/title>\n<meta name=\"description\" content=\"Ich - Ursula Amtmann - unterst\u00fctze Sie als diplomierte holistische Lebensberaterin, Ihren ganz pers\u00f6nlichen Weg zu besserer Lebensqualit\u00e4t zu finden.\" \/>\n<meta name=\"robots\" content=\"index, follow, max-snippet:-1, max-image-preview:large, max-video-preview:-1\" \/>\n<link rel=\"canonical\" href=\"https:\/\/www.lebensberatung-herzquotient.com\/ueber-mich\/\" \/>\n<meta property=\"og:locale\" content=\"it_IT\" \/>\n<meta property=\"og:type\" content=\"article\" \/>\n<meta property=\"og:title\" content=\"Su di me\" \/>\n<meta property=\"og:description\" content=\"Ich - Ursula Amtmann - unterst\u00fctze Sie als diplomierte holistische Lebensberaterin, Ihren ganz pers\u00f6nlichen Weg zu besserer Lebensqualit\u00e4t zu finden.\" \/>\n<meta property=\"og:url\" content=\"https:\/\/www.lebensberatung-herzquotient.com\/ueber-mich\/\" \/>\n<meta property=\"og:site_name\" content=\"Lebensberatung Herzquotient\" \/>\n<meta property=\"article:modified_time\" content=\"2020-08-28T12:20:59+00:00\" \/>\n<meta property=\"og:image\" content=\"http:\/\/www.lebensberatung-herzquotient.com\/wp-content\/uploads\/2020\/06\/ursula_amtmann.jpg\" \/>\n<meta name=\"twitter:card\" content=\"summary_large_image\" \/>\n<meta name=\"twitter:label1\" content=\"Tempo di lettura stimato\" \/>\n\t<meta name=\"twitter:data1\" content=\"12 minuti\" \/>\n<script type=\"application\/ld+json\" class=\"yoast-schema-graph\">{\"@context\":\"https:\/\/schema.org\",\"@graph\":[{\"@type\":\"WebPage\",\"@id\":\"https:\/\/www.lebensberatung-herzquotient.com\/ueber-mich\/\",\"url\":\"https:\/\/www.lebensberatung-herzquotient.com\/ueber-mich\/\",\"name\":\"[:de]\u00dcber mich[:it]Su di me[:] - Lebensberatung Herzquotient\",\"isPartOf\":{\"@id\":\"https:\/\/www.lebensberatung-herzquotient.com\/#website\"},\"datePublished\":\"2020-05-25T17:09:34+00:00\",\"dateModified\":\"2020-08-28T12:20:59+00:00\",\"description\":\"Ich - Ursula Amtmann - unterst\u00fctze Sie als diplomierte holistische Lebensberaterin, Ihren ganz pers\u00f6nlichen Weg zu besserer Lebensqualit\u00e4t zu finden.\",\"breadcrumb\":{\"@id\":\"https:\/\/www.lebensberatung-herzquotient.com\/ueber-mich\/#breadcrumb\"},\"inLanguage\":\"it-IT\",\"potentialAction\":[{\"@type\":\"ReadAction\",\"target\":[\"https:\/\/www.lebensberatung-herzquotient.com\/ueber-mich\/\"]}]},{\"@type\":\"BreadcrumbList\",\"@id\":\"https:\/\/www.lebensberatung-herzquotient.com\/ueber-mich\/#breadcrumb\",\"itemListElement\":[{\"@type\":\"ListItem\",\"position\":1,\"name\":\"Home\",\"item\":\"https:\/\/www.lebensberatung-herzquotient.com\/\"},{\"@type\":\"ListItem\",\"position\":2,\"name\":\"\u00dcber mich\"}]},{\"@type\":\"WebSite\",\"@id\":\"https:\/\/www.lebensberatung-herzquotient.com\/#website\",\"url\":\"https:\/\/www.lebensberatung-herzquotient.com\/\",\"name\":\"Lebensberatung Herzquotient\",\"description\":\"Ursula Amtmann - dipl. Lebensberaterin, pychologische Beratung\",\"publisher\":{\"@id\":\"https:\/\/www.lebensberatung-herzquotient.com\/#\/schema\/person\/4c23e5eb557f9a53eb4596a5b689aa1c\"},\"potentialAction\":[{\"@type\":\"SearchAction\",\"target\":{\"@type\":\"EntryPoint\",\"urlTemplate\":\"https:\/\/www.lebensberatung-herzquotient.com\/?s={search_term_string}\"},\"query-input\":\"required name=search_term_string\"}],\"inLanguage\":\"it-IT\"},{\"@type\":[\"Person\",\"Organization\"],\"@id\":\"https:\/\/www.lebensberatung-herzquotient.com\/#\/schema\/person\/4c23e5eb557f9a53eb4596a5b689aa1c\",\"name\":\"Ursula Amtmann\",\"image\":{\"@type\":\"ImageObject\",\"inLanguage\":\"it-IT\",\"@id\":\"https:\/\/www.lebensberatung-herzquotient.com\/#\/schema\/person\/image\/\",\"url\":\"https:\/\/secure.gravatar.com\/avatar\/9d62a90fb7be579c17f06243f6e90174?s=96&d=mm&r=g\",\"contentUrl\":\"https:\/\/secure.gravatar.com\/avatar\/9d62a90fb7be579c17f06243f6e90174?s=96&d=mm&r=g\",\"caption\":\"Ursula Amtmann\"},\"logo\":{\"@id\":\"https:\/\/www.lebensberatung-herzquotient.com\/#\/schema\/person\/image\/\"},\"sameAs\":[\"https:\/\/herzquotient.com\"]}]}<\/script>\n<!-- \/ Yoast SEO plugin. -->","yoast_head_json":{"title":"Su di me - Lebensberatung Herzquotient","description":"Ich - Ursula Amtmann - unterst\u00fctze Sie als diplomierte holistische Lebensberaterin, Ihren ganz pers\u00f6nlichen Weg zu besserer Lebensqualit\u00e4t zu finden.","robots":{"index":"index","follow":"follow","max-snippet":"max-snippet:-1","max-image-preview":"max-image-preview:large","max-video-preview":"max-video-preview:-1"},"canonical":"https:\/\/www.lebensberatung-herzquotient.com\/ueber-mich\/","og_locale":"it_IT","og_type":"article","og_title":"[:de]\u00dcber mich[:it]Su di me[:] - Lebensberatung Herzquotient","og_description":"Ich - Ursula Amtmann - unterst\u00fctze Sie als diplomierte holistische Lebensberaterin, Ihren ganz pers\u00f6nlichen Weg zu besserer Lebensqualit\u00e4t zu finden.","og_url":"https:\/\/www.lebensberatung-herzquotient.com\/ueber-mich\/","og_site_name":"Lebensberatung Herzquotient","article_modified_time":"2020-08-28T12:20:59+00:00","og_image":[{"url":"http:\/\/www.lebensberatung-herzquotient.com\/wp-content\/uploads\/2020\/06\/ursula_amtmann.jpg"}],"twitter_card":"summary_large_image","twitter_misc":{"Tempo di lettura stimato":"12 minuti"},"schema":{"@context":"https:\/\/schema.org","@graph":[{"@type":"WebPage","@id":"https:\/\/www.lebensberatung-herzquotient.com\/ueber-mich\/","url":"https:\/\/www.lebensberatung-herzquotient.com\/ueber-mich\/","name":"[:de]\u00dcber mich[:it]Su di me[:] - Lebensberatung Herzquotient","isPartOf":{"@id":"https:\/\/www.lebensberatung-herzquotient.com\/#website"},"datePublished":"2020-05-25T17:09:34+00:00","dateModified":"2020-08-28T12:20:59+00:00","description":"Ich - Ursula Amtmann - unterst\u00fctze Sie als diplomierte holistische Lebensberaterin, Ihren ganz pers\u00f6nlichen Weg zu besserer Lebensqualit\u00e4t zu finden.","breadcrumb":{"@id":"https:\/\/www.lebensberatung-herzquotient.com\/ueber-mich\/#breadcrumb"},"inLanguage":"it-IT","potentialAction":[{"@type":"ReadAction","target":["https:\/\/www.lebensberatung-herzquotient.com\/ueber-mich\/"]}]},{"@type":"BreadcrumbList","@id":"https:\/\/www.lebensberatung-herzquotient.com\/ueber-mich\/#breadcrumb","itemListElement":[{"@type":"ListItem","position":1,"name":"Home","item":"https:\/\/www.lebensberatung-herzquotient.com\/"},{"@type":"ListItem","position":2,"name":"\u00dcber mich"}]},{"@type":"WebSite","@id":"https:\/\/www.lebensberatung-herzquotient.com\/#website","url":"https:\/\/www.lebensberatung-herzquotient.com\/","name":"Lebensberatung Herzquotient","description":"Ursula Amtmann - dipl. Lebensberaterin, pychologische Beratung","publisher":{"@id":"https:\/\/www.lebensberatung-herzquotient.com\/#\/schema\/person\/4c23e5eb557f9a53eb4596a5b689aa1c"},"potentialAction":[{"@type":"SearchAction","target":{"@type":"EntryPoint","urlTemplate":"https:\/\/www.lebensberatung-herzquotient.com\/?s={search_term_string}"},"query-input":"required name=search_term_string"}],"inLanguage":"it-IT"},{"@type":["Person","Organization"],"@id":"https:\/\/www.lebensberatung-herzquotient.com\/#\/schema\/person\/4c23e5eb557f9a53eb4596a5b689aa1c","name":"Ursula Amtmann","image":{"@type":"ImageObject","inLanguage":"it-IT","@id":"https:\/\/www.lebensberatung-herzquotient.com\/#\/schema\/person\/image\/","url":"https:\/\/secure.gravatar.com\/avatar\/9d62a90fb7be579c17f06243f6e90174?s=96&d=mm&r=g","contentUrl":"https:\/\/secure.gravatar.com\/avatar\/9d62a90fb7be579c17f06243f6e90174?s=96&d=mm&r=g","caption":"Ursula Amtmann"},"logo":{"@id":"https:\/\/www.lebensberatung-herzquotient.com\/#\/schema\/person\/image\/"},"sameAs":["https:\/\/herzquotient.com"]}]}},"_links":{"self":[{"href":"https:\/\/www.lebensberatung-herzquotient.com\/it\/wp-json\/wp\/v2\/pages\/31"}],"collection":[{"href":"https:\/\/www.lebensberatung-herzquotient.com\/it\/wp-json\/wp\/v2\/pages"}],"about":[{"href":"https:\/\/www.lebensberatung-herzquotient.com\/it\/wp-json\/wp\/v2\/types\/page"}],"author":[{"embeddable":true,"href":"https:\/\/www.lebensberatung-herzquotient.com\/it\/wp-json\/wp\/v2\/users\/1"}],"replies":[{"embeddable":true,"href":"https:\/\/www.lebensberatung-herzquotient.com\/it\/wp-json\/wp\/v2\/comments?post=31"}],"version-history":[{"count":39,"href":"https:\/\/www.lebensberatung-herzquotient.com\/it\/wp-json\/wp\/v2\/pages\/31\/revisions"}],"predecessor-version":[{"id":529,"href":"https:\/\/www.lebensberatung-herzquotient.com\/it\/wp-json\/wp\/v2\/pages\/31\/revisions\/529"}],"wp:attachment":[{"href":"https:\/\/www.lebensberatung-herzquotient.com\/it\/wp-json\/wp\/v2\/media?parent=31"}],"curies":[{"name":"wp","href":"https:\/\/api.w.org\/{rel}","templated":true}]}}