{"id":244,"date":"2020-05-26T17:29:02","date_gmt":"2020-05-26T15:29:02","guid":{"rendered":"http:\/\/www.lebensberatung-herzquotient.com\/?page_id=244"},"modified":"2022-09-12T17:55:45","modified_gmt":"2022-09-12T15:55:45","slug":"impressum-datenschutzerklarung","status":"publish","type":"page","link":"https:\/\/www.lebensberatung-herzquotient.com\/it\/impressum-datenschutzerklarung\/","title":{"rendered":"Impressum &#038; Datenschutzerkl\u00e4rung"},"content":{"rendered":"\n<p><strong>Medieninhabung \u2013 Herausgeber<br>Inhaltliche und redaktionelle Verantwortung<\/strong><\/p>\n\n\n\n<p><strong>Ursula Amtmann<\/strong><br>Sch\u00f6nbrunner Allee 45\/2<br>1120 Wien<\/p>\n\n\n\n<p>Unternehmensgegenstand: <strong>Lebens- und Sozialberatung, ausgenommen die Ern\u00e4hrungsberatung und die sportwissenschaftliche Beratung<\/strong><\/p>\n\n\n\n<p>Gelistet bei <a href=\"https:\/\/www.lebensberatung.at\/\" target=\"_blank\" rel=\"noreferrer noopener\">www.lebensberatung.at<\/a><\/p>\n\n\n\n<p>Gr\u00fcndungsjahr: 2019 (\u00d6sterreich), 2015 (Italien)<br>E-Mail: info@herzquotient.com<\/p>\n\n\n\n<p><strong>Bildrechte<\/strong><br><a rel=\"noreferrer noopener\" href=\"https:\/\/pixabay.com\/de\/service\/license\/\" target=\"_blank\"><\/a><a href=\"https:\/\/pixabay.com\/de\/?utm_source=link-attribution&#038;utm_medium=referral&#038;utm_campaign=image&#038;utm_content=5143113\">Pixabay<\/a> von <a href=\"https:\/\/pixabay.com\/de\/users\/DrNickStafford-7215389\/?utm_source=link-attribution&#038;utm_medium=referral&#038;utm_campaign=image&#038;utm_content=5143113\">Nick Stafford<\/a> <br><a rel=\"noreferrer noopener\" href=\"https:\/\/www.istockphoto.com\/legal\/license-agreement?utm_medium=organic&#038;utm_source=google&#038;utm_campaign=iptcurl\" target=\"_blank\">istockphotos<\/a> FatCamera, microgenn <\/p>\n\n\n\n<p><strong>Website Konzeption, Programmierung &#038; Design<\/strong><br>Agentur silberdraht <a href=\"http:\/\/www.silberdraht.agency\">www.silberdraht.agency<\/a><\/p>\n\n\n\n<hr style=\"border-top: 1px solid #969\">\n\n\n\n<h2 class=\"wp-block-heading\"><strong>Datenschutzerkl\u00e4rung<\/strong><\/h2>\n\n\n\n<p>Verantwortliche Stelle im Sinne der Datenschutzgesetze, insbesondere der EU-Datenschutzgrundverordnung (DSGVO), ist:<\/p>\n\n\n\n<p>Ursula Amtmann, Sch\u00f6nbrunner Allee 45\/2 1120 Wien, info@herzquotient.com<\/p>\n\n\n\n<h3 class=\"wp-block-heading\">Ihre Betroffenenrechte<\/h3>\n\n\n\n<p>Unter den angegebenen Kontaktdaten der Datenschutzbeauftragten k\u00f6nnen Sie jederzeit folgende Rechte aus\u00fcben:<\/p>\n\n\n\n<ul><li>Auskunft \u00fcber Ihre bei mir gespeicherten Daten und deren Verarbeitung,<\/li><li>Berichtigung unrichtiger personenbezogener Daten,<\/li><li>L\u00f6schung Ihrer bei mir gespeicherten Daten,<\/li><li>Einschr\u00e4nkung der Datenverarbeitung, sofern ich Ihre Daten aufgrund gesetzlicher Pflichten noch nicht l\u00f6schen darf,<\/li><li>Widerspruch gegen die Verarbeitung Ihrer Daten bei mir und Daten\u00fcbertragbarkeit, sofern Sie in die Datenverarbeitung eingewilligt haben oder einen Vertrag mit mir abgeschlossen haben.<\/li><\/ul>\n\n\n\n<p>Sofern Sie mir eine Einwilligung erteilt haben, k\u00f6nnen Sie diese jederzeit mit Wirkung f\u00fcr die Zukunft widerrufen.<\/p>\n\n\n\n<p>Sie k\u00f6nnen sich jederzeit mit einer Beschwerde an die f\u00fcr Sie zust\u00e4ndige Aufsichtsbeh\u00f6rde wenden. Ihre zust\u00e4ndige Aufsichtsbeh\u00f6rde richtet sich nach dem Bundesland Ihres Wohnsitzes, Ihrer Arbeit oder der mutma\u00dflichen Verletzung. Eine Liste der Aufsichtsbeh\u00f6rden (f\u00fcr den nicht\u00f6ffentlichen Bereich) mit Anschrift finden Sie unter: https:\/\/www.bfdi.bund.de\/DE\/Infothek\/Anschriften_Links\/anschriften_links-node.html.<\/p>\n\n\n\n<h3 class=\"wp-block-heading\">Zwecke der Datenverarbeitung durch die verantwortliche Stelle und Dritte<\/h3>\n\n\n\n<p>Ihre personenbezogenen Daten werden nur zu den in dieser Datenschutzerkl\u00e4rung genannten Zwecken verarbeitet. Eine \u00dcbermittlung Ihrer pers\u00f6nlichen Daten an Dritte zu anderen als den genannten Zwecken findet nicht statt. Ich gebe Ihre pers\u00f6nlichen Daten nur an Dritte weiter, wenn:<\/p>\n\n\n\n<ul><li>Sie Ihre ausdr\u00fcckliche Einwilligung dazu erteilt haben,<\/li><li>die Verarbeitung zur Abwicklung eines Vertrags mit Ihnen erforderlich ist,<\/li><li>die Verarbeitung zur Erf\u00fcllung einer rechtlichen Verpflichtung erforderlich ist<\/li><li>die Verarbeitung zur Wahrung berechtigter Interessen erforderlich ist und kein Grund zur Annahme besteht, dass Sie ein \u00fcberwiegendes schutzw\u00fcrdiges Interesse an der Nichtweitergabe Ihrer Daten haben.<\/li><\/ul>\n\n\n\n<h3 class=\"wp-block-heading\">Erfassung allgemeiner Informationen beim Besuch meiner Website<\/h3>\n\n\n\n<p>Wenn Sie auf meine Website zugreifen, werden automatisch mittels eines Cookies Informationen allgemeiner Natur erfasst. Diese Informationen (Server-Logfiles) beinhalten etwa die Art des Webbrowsers, das verwendete Betriebssystem, den Domainnamen Ihres Internet-Service-Providers und \u00e4hnliches. Hierbei handelt es sich ausschlie\u00dflich um Informationen, welche keine R\u00fcckschl\u00fcsse auf Ihre Person zulassen.<\/p>\n\n\n\n<p>Diese Informationen sind technisch notwendig, um von Ihnen angeforderte Inhalte von Webseiten korrekt auszuliefern und fallen bei Nutzung des Internets zwingend an. Sie werden insbesondere zu folgenden Zwecken verarbeitet:<\/p>\n\n\n\n<ul><li>Sicherstellung eines problemlosen Verbindungsaufbaus der Website,<\/li><li>Sicherstellung einer reibungslosen Nutzung der Website,<\/li><li>Auswertung der Systemsicherheit und -stabilit\u00e4t sowie zu weiteren administrativen Zwecken.<\/li><\/ul>\n\n\n\n<p>Die Verarbeitung Ihrer personenbezogenen Daten basiert auf berechtigtem Interesse aus den vorgenannten Zwecken zur Datenerhebung. Ich verwende Ihre Daten nicht, um R\u00fcckschl\u00fcsse auf Ihre Person zu ziehen. Empf\u00e4nger der Daten sind nur die verantwortliche Stelle und ggf. Auftragsverarbeiter.<\/p>\n\n\n\n<p>Anonyme Informationen dieser Art werden von mir ggfs. statistisch ausgewertet, um den Internetauftritt und die dahinterstehende Technik zu optimieren.<\/p>\n\n\n\n<h3 class=\"wp-block-heading\">Cookies<\/h3>\n\n\n\n<p>Wie viele andere Webseiten verwende auch ich so genannte \u201eCookies\u201c. Cookies sind kleine Textdateien, die von einem Websiteserver auf Ihre Festplatte \u00fcbertragen werden. Hierdurch erh\u00e4lt man automatisch bestimmte Daten wie z. B. IP-Adresse, verwendeter Browser, Betriebssystem und Ihre Verbindung zum Internet.<\/p>\n\n\n\n<p>Cookies k\u00f6nnen nicht verwendet werden, um Programme zu starten oder Viren auf einen Computer zu \u00fcbertragen. Anhand der in Cookies enthaltenen Informationen kann man Ihnen die Navigation erleichtern und die korrekte Anzeige meiner Webseiten erm\u00f6glichen.<\/p>\n\n\n\n<p>In keinem Fall werden die erfassten Daten an Dritte weitergegeben oder ohne Ihre Einwilligung eine Verkn\u00fcpfung mit personenbezogenen Daten hergestellt.<\/p>\n\n\n\n<p>Nat\u00fcrlich k\u00f6nnen Sie meine Website grunds\u00e4tzlich auch ohne Cookies betrachten. Internet-Browser sind regelm\u00e4\u00dfig so eingestellt, dass sie Cookies akzeptieren. Im Allgemeinen k\u00f6nnen Sie die Verwendung von Cookies jederzeit \u00fcber die Einstellungen Ihres Browsers deaktivieren. Bitte verwenden Sie die Hilfefunktionen Ihres Internetbrowsers, um zu erfahren, wie Sie diese Einstellungen \u00e4ndern k\u00f6nnen. Bitte beachten Sie, dass einzelne Funktionen meiner Website m\u00f6glicherweise nicht funktionieren, wenn Sie die Verwendung von Cookies deaktiviert haben.<\/p>\n\n\n\n<h3 class=\"wp-block-heading\">SSL-Verschl\u00fcsselung<\/h3>\n\n\n\n<p>Um die Sicherheit Ihrer Daten bei der \u00dcbertragung zu sch\u00fctzen, werden dem aktuellen Stand der Technik entsprechende Verschl\u00fcsselungsverfahren (z. B. SSL) \u00fcber HTTPS verwendet.<\/p>\n\n\n\n<h3 class=\"wp-block-heading\">Kontakt<\/h3>\n\n\n\n<p>Treten Sie bzgl. Fragen jeglicher Art per E-Mail mit mir in Kontakt, erteilen Sie mir zum Zwecke der Kontaktaufnahme Ihre freiwillige Einwilligung. Hierf\u00fcr ist die Angabe einer validen E-Mail-Adresse erforderlich. Diese dient der Zuordnung der Anfrage und der anschlie\u00dfenden Beantwortung derselben. Die Angabe weiterer Daten ist optional. Die von Ihnen gemachten Angaben werden zum Zwecke der Bearbeitung der Anfrage sowie f\u00fcr m\u00f6gliche Anschlussfragen gespeichert. Nach Erledigung der von Ihnen gestellten Anfrage werden personenbezogene Daten automatisch gel\u00f6scht.<\/p>\n\n\n\n<div class=\"wp-block-group is-layout-flow\"><div class=\"wp-block-group__inner-container\">\n<h3 class=\"wp-block-heading\">Verwendung von Scriptbibliotheken (Google Webfonts)<\/h3>\n\n\n\n<p>Um die Inhalte browser\u00fcbergreifend korrekt und grafisch ansprechend darzustellen, werden auf dieser Website Scriptbibliotheken und Schriftbibliotheken wie z. B. Google Webfonts (https:\/\/www.google.com\/webfonts\/) verwendet. Google Webfonts werden zur Vermeidung mehrfachen Ladens in den Cache Ihres Browsers \u00fcbertragen. Falls der Browser die Google Webfonts nicht unterst\u00fctzt oder den Zugriff unterbindet, werden Inhalte in einer Standardschrift angezeigt.<\/p>\n\n\n\n<p>Der Aufruf von Scriptbibliotheken oder Schriftbibliotheken l\u00f6st automatisch eine Verbindung zum Betreiber der Bibliothek aus. Dabei ist es theoretisch m\u00f6glich, \u2013 aktuell allerdings auch unklar ob und ggf. zu welchen Zwecken \u2013 dass Betreiber entsprechender Bibliotheken Daten erheben.<\/p>\n\n\n\n<p>Die Datenschutzrichtlinie des Bibliothekbetreibers Google finden Sie hier: https:\/\/www.google.com\/policies\/privacy\/<\/p>\n<\/div><\/div>\n\n\n\n<h2 class=\"wp-block-heading\">Google AdWords<\/h2>\n\n\n\n<p>Die Webseite nutzt das Google Conversion-Tracking. Sind Sie \u00fcber eine von Google geschaltete Anzeige auf meine Webseite gelangt, wird von Google Adwords ein Cookie auf Ihrem Rechner gesetzt. Das Cookie f\u00fcr Conversion-Tracking wird gesetzt, wenn ein Nutzer auf eine von Google geschaltete Anzeige klickt. Diese Cookies verlieren nach 30 Tagen ihre G\u00fcltigkeit und dienen nicht der pers\u00f6nlichen Identifizierung. Besucht der Nutzer bestimmte Seiten der Website und das Cookie ist noch nicht abgelaufen, kann ich und Google erkennen, dass der Nutzer auf die Anzeige geklickt hat und zu dieser Seite weitergeleitet wurde. Jeder Google AdWords-Kunde erh\u00e4lt ein anderes Cookie. Cookies k\u00f6nnen somit nicht \u00fcber die Websites von AdWords-Kunden nachverfolgt werden. Die mithilfe des Conversion-Cookies eingeholten Informationen dienen dazu, Conversion-Statistiken f\u00fcr AdWords-Kunden zu erstellen, die sich f\u00fcr Conversion-Tracking entschieden haben. Die Kunden erfahren die Gesamtanzahl der Nutzer, die auf ihre Anzeige geklickt haben und zu einer mit einem Conversion-Tracking-Tag versehenen Seite weitergeleitet wurden. Sie erhalten jedoch keine Informationen, mit denen sich Nutzer pers\u00f6nlich identifizieren lassen.<\/p>\n\n\n\n<p>M\u00f6chten Sie nicht am Tracking teilnehmen, k\u00f6nnen Sie das hierf\u00fcr erforderliche Setzen eines Cookies ablehnen \u2013 etwa per Browser-Einstellung, die das automatische Setzen von Cookies generell deaktiviert oder Ihren Browser so einstellen, dass Cookies von der Domain \u201egoogleleadservices.com\u201c blockiert werden.<\/p>\n\n\n\n<p>Bitte beachten Sie, dass Sie die Opt-out-Cookies nicht l\u00f6schen d\u00fcrfen, solange Sie keine Aufzeichnung von Messdaten w\u00fcnschen. Haben Sie alle Ihre Cookies im Browser gel\u00f6scht, m\u00fcssen Sie das jeweilige Opt-out Cookie erneut setzen.<\/p>\n\n\n\n<h3 class=\"wp-block-heading\"><strong>\u00c4nderung unserer Datenschutzbestimmungen<\/strong><\/h3>\n\n\n\n<p>Ich behalte mir vor, diese Datenschutzerkl\u00e4rung anzupassen, damit sie stets den aktuellen rechtlichen Anforderungen entspricht oder um \u00c4nderungen meiner Leistungen in der Datenschutzerkl\u00e4rung umzusetzen, z.B. bei der Einf\u00fchrung neuer Services. F\u00fcr Ihren erneuten Besuch gilt dann die neue Datenschutzerkl\u00e4rung.<\/p>\n\n\n\n<h3 class=\"wp-block-heading\"><strong>Fragen an den Datenschutzbeauftragten<\/strong><\/h3>\n\n\n\n<p>Wenn Sie Fragen zum Datenschutz haben, schreiben Sie mir bitte eine E-Mail als f\u00fcr den Datenschutz verantwortliche Person:<\/p>\n\n\n\n<p>Ursula Amtmann info@herzquotient.com<\/p>\n","protected":false},"excerpt":{"rendered":"<p>Medieninhabung \u2013 HerausgeberInhaltliche und redaktionelle Verantwortung Ursula AmtmannSch\u00f6nbrunner Allee 45\/21120 Wien Unternehmensgegenstand: Lebens- und Sozialberatung, ausgenommen die Ern\u00e4hrungsberatung und die sportwissenschaftliche Beratung Gelistet bei www.lebensberatung.at Gr\u00fcndungsjahr: 2019 (\u00d6sterreich), 2015 (Italien)E-Mail:&#8230;<\/p>\n","protected":false},"author":1,"featured_media":0,"parent":0,"menu_order":0,"comment_status":"closed","ping_status":"closed","template":"","meta":{"_themeisle_gutenberg_block_has_review":false},"yoast_head":"<!-- This site is optimized with the Yoast SEO plugin v20.9 - https:\/\/yoast.com\/wordpress\/plugins\/seo\/ -->\n<title>Impressum &amp; Datenschutzerkl\u00e4rung - Lebensberatung Herzquotient<\/title>\n<meta name=\"robots\" content=\"index, follow, max-snippet:-1, max-image-preview:large, max-video-preview:-1\" \/>\n<link rel=\"canonical\" href=\"https:\/\/www.lebensberatung-herzquotient.com\/impressum-datenschutzerklarung\/\" \/>\n<meta property=\"og:locale\" content=\"it_IT\" \/>\n<meta property=\"og:type\" content=\"article\" \/>\n<meta property=\"og:title\" content=\"Impressum &amp; Datenschutzerkl\u00e4rung\" \/>\n<meta property=\"og:description\" content=\"Medieninhabung \u2013 HerausgeberInhaltliche und redaktionelle Verantwortung Ursula AmtmannSch\u00f6nbrunner Allee 45\/21120 Wien Unternehmensgegenstand: Lebens- und Sozialberatung, ausgenommen die Ern\u00e4hrungsberatung und die sportwissenschaftliche Beratung Gelistet bei www.lebensberatung.at Gr\u00fcndungsjahr: 2019 (\u00d6sterreich), 2015 (Italien)E-Mail:...\" \/>\n<meta property=\"og:url\" content=\"https:\/\/www.lebensberatung-herzquotient.com\/impressum-datenschutzerklarung\/\" \/>\n<meta property=\"og:site_name\" content=\"Lebensberatung Herzquotient\" \/>\n<meta property=\"article:modified_time\" content=\"2022-09-12T15:55:45+00:00\" \/>\n<meta name=\"twitter:card\" content=\"summary_large_image\" \/>\n<meta name=\"twitter:label1\" content=\"Tempo di lettura stimato\" \/>\n\t<meta name=\"twitter:data1\" content=\"7 minuti\" \/>\n<script type=\"application\/ld+json\" class=\"yoast-schema-graph\">{\"@context\":\"https:\/\/schema.org\",\"@graph\":[{\"@type\":\"WebPage\",\"@id\":\"https:\/\/www.lebensberatung-herzquotient.com\/impressum-datenschutzerklarung\/\",\"url\":\"https:\/\/www.lebensberatung-herzquotient.com\/impressum-datenschutzerklarung\/\",\"name\":\"[:de]Impressum & Datenschutzerkl\u00e4rung[:] - Lebensberatung Herzquotient\",\"isPartOf\":{\"@id\":\"https:\/\/www.lebensberatung-herzquotient.com\/#website\"},\"datePublished\":\"2020-05-26T15:29:02+00:00\",\"dateModified\":\"2022-09-12T15:55:45+00:00\",\"breadcrumb\":{\"@id\":\"https:\/\/www.lebensberatung-herzquotient.com\/impressum-datenschutzerklarung\/#breadcrumb\"},\"inLanguage\":\"it-IT\",\"potentialAction\":[{\"@type\":\"ReadAction\",\"target\":[\"https:\/\/www.lebensberatung-herzquotient.com\/impressum-datenschutzerklarung\/\"]}]},{\"@type\":\"BreadcrumbList\",\"@id\":\"https:\/\/www.lebensberatung-herzquotient.com\/impressum-datenschutzerklarung\/#breadcrumb\",\"itemListElement\":[{\"@type\":\"ListItem\",\"position\":1,\"name\":\"Home\",\"item\":\"https:\/\/www.lebensberatung-herzquotient.com\/\"},{\"@type\":\"ListItem\",\"position\":2,\"name\":\"Impressum &#038; Datenschutzerkl\u00e4rung\"}]},{\"@type\":\"WebSite\",\"@id\":\"https:\/\/www.lebensberatung-herzquotient.com\/#website\",\"url\":\"https:\/\/www.lebensberatung-herzquotient.com\/\",\"name\":\"Lebensberatung Herzquotient\",\"description\":\"Ursula Amtmann - dipl. Lebensberaterin, pychologische Beratung\",\"publisher\":{\"@id\":\"https:\/\/www.lebensberatung-herzquotient.com\/#\/schema\/person\/4c23e5eb557f9a53eb4596a5b689aa1c\"},\"potentialAction\":[{\"@type\":\"SearchAction\",\"target\":{\"@type\":\"EntryPoint\",\"urlTemplate\":\"https:\/\/www.lebensberatung-herzquotient.com\/?s={search_term_string}\"},\"query-input\":\"required name=search_term_string\"}],\"inLanguage\":\"it-IT\"},{\"@type\":[\"Person\",\"Organization\"],\"@id\":\"https:\/\/www.lebensberatung-herzquotient.com\/#\/schema\/person\/4c23e5eb557f9a53eb4596a5b689aa1c\",\"name\":\"Ursula Amtmann\",\"image\":{\"@type\":\"ImageObject\",\"inLanguage\":\"it-IT\",\"@id\":\"https:\/\/www.lebensberatung-herzquotient.com\/#\/schema\/person\/image\/\",\"url\":\"https:\/\/secure.gravatar.com\/avatar\/9d62a90fb7be579c17f06243f6e90174?s=96&d=mm&r=g\",\"contentUrl\":\"https:\/\/secure.gravatar.com\/avatar\/9d62a90fb7be579c17f06243f6e90174?s=96&d=mm&r=g\",\"caption\":\"Ursula Amtmann\"},\"logo\":{\"@id\":\"https:\/\/www.lebensberatung-herzquotient.com\/#\/schema\/person\/image\/\"},\"sameAs\":[\"https:\/\/herzquotient.com\"]}]}<\/script>\n<!-- \/ Yoast SEO plugin. -->","yoast_head_json":{"title":"Impressum & Datenschutzerkl\u00e4rung - Lebensberatung Herzquotient","robots":{"index":"index","follow":"follow","max-snippet":"max-snippet:-1","max-image-preview":"max-image-preview:large","max-video-preview":"max-video-preview:-1"},"canonical":"https:\/\/www.lebensberatung-herzquotient.com\/impressum-datenschutzerklarung\/","og_locale":"it_IT","og_type":"article","og_title":"[:de]Impressum & Datenschutzerkl\u00e4rung[:] - Lebensberatung Herzquotient","og_description":"Medieninhabung \u2013 HerausgeberInhaltliche und redaktionelle Verantwortung Ursula AmtmannSch\u00f6nbrunner Allee 45\/21120 Wien Unternehmensgegenstand: Lebens- und Sozialberatung, ausgenommen die Ern\u00e4hrungsberatung und die sportwissenschaftliche Beratung Gelistet bei www.lebensberatung.at Gr\u00fcndungsjahr: 2019 (\u00d6sterreich), 2015 (Italien)E-Mail:...","og_url":"https:\/\/www.lebensberatung-herzquotient.com\/impressum-datenschutzerklarung\/","og_site_name":"Lebensberatung Herzquotient","article_modified_time":"2022-09-12T15:55:45+00:00","twitter_card":"summary_large_image","twitter_misc":{"Tempo di lettura stimato":"7 minuti"},"schema":{"@context":"https:\/\/schema.org","@graph":[{"@type":"WebPage","@id":"https:\/\/www.lebensberatung-herzquotient.com\/impressum-datenschutzerklarung\/","url":"https:\/\/www.lebensberatung-herzquotient.com\/impressum-datenschutzerklarung\/","name":"[:de]Impressum & Datenschutzerkl\u00e4rung[:] - Lebensberatung Herzquotient","isPartOf":{"@id":"https:\/\/www.lebensberatung-herzquotient.com\/#website"},"datePublished":"2020-05-26T15:29:02+00:00","dateModified":"2022-09-12T15:55:45+00:00","breadcrumb":{"@id":"https:\/\/www.lebensberatung-herzquotient.com\/impressum-datenschutzerklarung\/#breadcrumb"},"inLanguage":"it-IT","potentialAction":[{"@type":"ReadAction","target":["https:\/\/www.lebensberatung-herzquotient.com\/impressum-datenschutzerklarung\/"]}]},{"@type":"BreadcrumbList","@id":"https:\/\/www.lebensberatung-herzquotient.com\/impressum-datenschutzerklarung\/#breadcrumb","itemListElement":[{"@type":"ListItem","position":1,"name":"Home","item":"https:\/\/www.lebensberatung-herzquotient.com\/"},{"@type":"ListItem","position":2,"name":"Impressum &#038; Datenschutzerkl\u00e4rung"}]},{"@type":"WebSite","@id":"https:\/\/www.lebensberatung-herzquotient.com\/#website","url":"https:\/\/www.lebensberatung-herzquotient.com\/","name":"Lebensberatung Herzquotient","description":"Ursula Amtmann - dipl. Lebensberaterin, pychologische Beratung","publisher":{"@id":"https:\/\/www.lebensberatung-herzquotient.com\/#\/schema\/person\/4c23e5eb557f9a53eb4596a5b689aa1c"},"potentialAction":[{"@type":"SearchAction","target":{"@type":"EntryPoint","urlTemplate":"https:\/\/www.lebensberatung-herzquotient.com\/?s={search_term_string}"},"query-input":"required name=search_term_string"}],"inLanguage":"it-IT"},{"@type":["Person","Organization"],"@id":"https:\/\/www.lebensberatung-herzquotient.com\/#\/schema\/person\/4c23e5eb557f9a53eb4596a5b689aa1c","name":"Ursula Amtmann","image":{"@type":"ImageObject","inLanguage":"it-IT","@id":"https:\/\/www.lebensberatung-herzquotient.com\/#\/schema\/person\/image\/","url":"https:\/\/secure.gravatar.com\/avatar\/9d62a90fb7be579c17f06243f6e90174?s=96&d=mm&r=g","contentUrl":"https:\/\/secure.gravatar.com\/avatar\/9d62a90fb7be579c17f06243f6e90174?s=96&d=mm&r=g","caption":"Ursula Amtmann"},"logo":{"@id":"https:\/\/www.lebensberatung-herzquotient.com\/#\/schema\/person\/image\/"},"sameAs":["https:\/\/herzquotient.com"]}]}},"_links":{"self":[{"href":"https:\/\/www.lebensberatung-herzquotient.com\/it\/wp-json\/wp\/v2\/pages\/244"}],"collection":[{"href":"https:\/\/www.lebensberatung-herzquotient.com\/it\/wp-json\/wp\/v2\/pages"}],"about":[{"href":"https:\/\/www.lebensberatung-herzquotient.com\/it\/wp-json\/wp\/v2\/types\/page"}],"author":[{"embeddable":true,"href":"https:\/\/www.lebensberatung-herzquotient.com\/it\/wp-json\/wp\/v2\/users\/1"}],"replies":[{"embeddable":true,"href":"https:\/\/www.lebensberatung-herzquotient.com\/it\/wp-json\/wp\/v2\/comments?post=244"}],"version-history":[{"count":12,"href":"https:\/\/www.lebensberatung-herzquotient.com\/it\/wp-json\/wp\/v2\/pages\/244\/revisions"}],"predecessor-version":[{"id":546,"href":"https:\/\/www.lebensberatung-herzquotient.com\/it\/wp-json\/wp\/v2\/pages\/244\/revisions\/546"}],"wp:attachment":[{"href":"https:\/\/www.lebensberatung-herzquotient.com\/it\/wp-json\/wp\/v2\/media?parent=244"}],"curies":[{"name":"wp","href":"https:\/\/api.w.org\/{rel}","templated":true}]}}